{"id":748,"date":"2022-02-02T19:10:01","date_gmt":"2022-02-02T19:10:01","guid":{"rendered":"https:\/\/aryastudiointeriors.com\/?page_id=748"},"modified":"2022-02-10T19:48:39","modified_gmt":"2022-02-10T19:48:39","slug":"testimonials","status":"publish","type":"page","link":"https:\/\/aryastudiointeriors.com\/es\/testimonials\/","title":{"rendered":"Testimonios"},"content":{"rendered":"<div data-elementor-type=\"wp-page\" data-elementor-id=\"748\" class=\"elementor elementor-748\" data-elementor-settings=\"[]\">\n\t\t\t\t\t\t\t<div class=\"elementor-section-wrap\">\n\t\t\t\t\t\t\t<section class=\"elementor-section elementor-top-section elementor-element elementor-element-e5553dd elementor-section-full_width elementor-section-height-min-height elementor-section-items-bottom elementor-section-content-bottom elementor-section-height-default tf-sticky-section tf-sticky-no elementor-invisible\" data-id=\"e5553dd\" data-element_type=\"section\" data-settings=\"{&quot;background_background&quot;:&quot;classic&quot;,&quot;animation&quot;:&quot;fadeIn&quot;,&quot;animation_delay&quot;:500,&quot;tf_sticky&quot;:&quot;no&quot;,&quot;ekit_has_onepagescroll_dot&quot;:&quot;yes&quot;}\">\n\t\t\t\t\t\t\t<div class=\"elementor-background-overlay\"><\/div>\n\t\t\t\t\t\t\t<div class=\"elementor-container elementor-column-gap-no\">\n\t\t\t\t\t<div class=\"elementor-column elementor-col-100 elementor-top-column elementor-element elementor-element-32929ad\" data-id=\"32929ad\" data-element_type=\"column\">\n\t\t\t<div class=\"elementor-widget-wrap elementor-element-populated\">\n\t\t\t\t\t\t\t\t<div class=\"elementor-element elementor-element-4761632 elementor-widget elementor-widget-heading\" data-id=\"4761632\" data-element_type=\"widget\" data-settings=\"{&quot;ekit_we_effect_on&quot;:&quot;none&quot;}\" data-widget_type=\"heading.default\">\n\t\t\t\t<div class=\"elementor-widget-container\">\n\t\t\t<h1 class=\"elementor-heading-title elementor-size-default\">Testimonios<\/h1>\t\t<\/div>\n\t\t\t\t<\/div>\n\t\t\t\t\t<\/div>\n\t\t<\/div>\n\t\t\t\t\t\t\t<\/div>\n\t\t<\/section>\n\t\t\t\t<section class=\"elementor-section elementor-top-section elementor-element elementor-element-d98abe1 elementor-section-full_width elementor-section-height-default elementor-section-height-default tf-sticky-section tf-sticky-no elementor-invisible\" data-id=\"d98abe1\" data-element_type=\"section\" data-settings=\"{&quot;animation&quot;:&quot;fadeIn&quot;,&quot;tf_sticky&quot;:&quot;no&quot;,&quot;ekit_has_onepagescroll_dot&quot;:&quot;yes&quot;}\">\n\t\t\t\t\t\t<div class=\"elementor-container elementor-column-gap-no\">\n\t\t\t\t\t<div class=\"elementor-column elementor-col-50 elementor-top-column elementor-element elementor-element-2174508\" data-id=\"2174508\" data-element_type=\"column\">\n\t\t\t<div class=\"elementor-widget-wrap elementor-element-populated\">\n\t\t\t\t\t\t\t\t<div class=\"elementor-element elementor-element-560c4f2 elementor-widget__width-initial elementor-widget elementor-widget-text-editor\" data-id=\"560c4f2\" data-element_type=\"widget\" data-settings=\"{&quot;ekit_we_effect_on&quot;:&quot;none&quot;}\" data-widget_type=\"text-editor.default\">\n\t\t\t\t<div class=\"elementor-widget-container\">\n\t\t\t\t\t\t\t<p>Escribe un comentario sobre ARYA STUDIO INTERIORS LLC<\/p>\t\t\t\t\t\t<\/div>\n\t\t\t\t<\/div>\n\t\t\t\t<div class=\"elementor-element elementor-element-019b9a8 elementor-testimonial--skin-bubble elementor-testimonial--layout-image_inline elementor-testimonial--align-center elementor-arrows-yes elementor-widget elementor-widget-testimonial-carousel\" data-id=\"019b9a8\" data-element_type=\"widget\" data-settings=\"{&quot;show_arrows&quot;:&quot;yes&quot;,&quot;speed&quot;:500,&quot;autoplay&quot;:&quot;yes&quot;,&quot;autoplay_speed&quot;:5000,&quot;loop&quot;:&quot;yes&quot;,&quot;pause_on_hover&quot;:&quot;yes&quot;,&quot;pause_on_interaction&quot;:&quot;yes&quot;,&quot;space_between&quot;:{&quot;unit&quot;:&quot;px&quot;,&quot;size&quot;:10,&quot;sizes&quot;:[]},&quot;space_between_tablet&quot;:{&quot;unit&quot;:&quot;px&quot;,&quot;size&quot;:10,&quot;sizes&quot;:[]},&quot;space_between_mobile&quot;:{&quot;unit&quot;:&quot;px&quot;,&quot;size&quot;:10,&quot;sizes&quot;:[]},&quot;ekit_we_effect_on&quot;:&quot;none&quot;}\" data-widget_type=\"testimonial-carousel.default\">\n\t\t\t\t<div class=\"elementor-widget-container\">\n\t\t\t\t\t<div class=\"elementor-swiper\">\n\t\t\t<div class=\"elementor-main-swiper swiper-container\">\n\t\t\t\t<div class=\"swiper-wrapper\">\n\t\t\t\t\t\t\t\t\t\t\t<div class=\"swiper-slide\">\n\t\t\t\t\t\t\t\t\t<div class=\"elementor-testimonial\">\n\t\t\t\t\t\t\t<div class=\"elementor-testimonial__content\">\n\t\t\t\t\t<div class=\"elementor-testimonial__text\">\n\t\t\t\t\t\tCarolina nos ayudo con el dise\u00f1o interior de nuestra casa,\nnos ofreci\u00f3 varios estilo de dise\u00f1o con mucho \u00e9nfasis en detalle y acoplandose a nuestro estilo y budget .\nMuch\u00edsimas gracias Caro, super recomendada !\t\t\t\t\t<\/div>\n\t\t\t\t\t\t\t\t\t<\/div>\n\t\t\t\t\t\t<div class=\"elementor-testimonial__footer\">\n\t\t\t\t\t\t\t\t<cite class=\"elementor-testimonial__cite\"><span class=\"elementor-testimonial__name\">R. Salinas<\/span><span class=\"elementor-testimonial__title\"> McAllen, Tx<\/span><\/cite>\t\t\t<\/div>\n\t\t<\/div>\n\t\t\t\t\t\t\t\t<\/div>\n\t\t\t\t\t\t\t\t\t\t\t<div class=\"swiper-slide\">\n\t\t\t\t\t\t\t\t\t<div class=\"elementor-testimonial\">\n\t\t\t\t\t\t\t<div class=\"elementor-testimonial__content\">\n\t\t\t\t\t<div class=\"elementor-testimonial__text\">\n\t\t\t\t\t\tMuchas gracias por tu ayuda ! me ayudaste mucho a poner claras mis ideas sobre lo que buscaba para decorar mi casa .\nTienes ideas muy bonitas y modernas ! La entrega del proyecto es muy r\u00e1pida , un trato excelente, y tu disponibilidad de responder a mis preguntas y dudas tambi\u00e9n! \nsin duda fue una excelente decisi\u00f3n escoger a Arya Studio Interiors para crear el diseno de interiores de nuestra casa !\t\t\t\t\t<\/div>\n\t\t\t\t\t\t\t\t\t<\/div>\n\t\t\t\t\t\t<div class=\"elementor-testimonial__footer\">\n\t\t\t\t\t\t\t\t<cite class=\"elementor-testimonial__cite\"><span class=\"elementor-testimonial__name\">M. Salinas<\/span><span class=\"elementor-testimonial__title\">Edinburg, Tx<\/span><\/cite>\t\t\t<\/div>\n\t\t<\/div>\n\t\t\t\t\t\t\t\t<\/div>\n\t\t\t\t\t\t\t\t\t\t\t<div class=\"swiper-slide\">\n\t\t\t\t\t\t\t\t\t<div class=\"elementor-testimonial\">\n\t\t\t\t\t\t\t<div class=\"elementor-testimonial__content\">\n\t\t\t\t\t<div class=\"elementor-testimonial__text\">\n\t\t\t\t\t\t\u00a1Gracias Arya Studio Interiors por ayudarme con el dise\u00f1o interior de mi nueva casa y trabajar con mi horario!\n\u00a1Estoy enamorado de mi nuevo hogar!\t\t\t\t\t<\/div>\n\t\t\t\t\t\t\t\t\t<\/div>\n\t\t\t\t\t\t<div class=\"elementor-testimonial__footer\">\n\t\t\t\t\t\t\t\t<cite class=\"elementor-testimonial__cite\"><span class=\"elementor-testimonial__name\">AK. Cantu<\/span><span class=\"elementor-testimonial__title\">Edinburg, Tx<\/span><\/cite>\t\t\t<\/div>\n\t\t<\/div>\n\t\t\t\t\t\t\t\t<\/div>\n\t\t\t\t\t\t\t\t\t\t\t<div class=\"swiper-slide\">\n\t\t\t\t\t\t\t\t\t<div class=\"elementor-testimonial\">\n\t\t\t\t\t\t\t<div class=\"elementor-testimonial__content\">\n\t\t\t\t\t<div class=\"elementor-testimonial__text\">\n\t\t\t\t\t\tContrat\u00e9 a Carolina para que me ayudara con mi bar\/sala de prensa. Brind\u00f3 un excelente servicio y fue muy profesional.\nMe dio muchas vistas\/conceptos en 3D para mi bar. Tambi\u00e9n fue a varias tiendas de muebles y me envi\u00f3 fotos.\nElla hizo las compras y cubri\u00f3 cada detalle para m\u00ed. Estoy m\u00e1s que satisfecho con sus servicios y la recomiendo sin reservas. \t\t\t\t\t<\/div>\n\t\t\t\t\t\t\t\t\t<\/div>\n\t\t\t\t\t\t<div class=\"elementor-testimonial__footer\">\n\t\t\t\t\t\t\t\t<cite class=\"elementor-testimonial__cite\"><span class=\"elementor-testimonial__name\">J. Reyna<\/span><span class=\"elementor-testimonial__title\">Rancho Viejo, Tx <\/span><\/cite>\t\t\t<\/div>\n\t\t<\/div>\n\t\t\t\t\t\t\t\t<\/div>\n\t\t\t\t\t\t\t\t\t\t\t<div class=\"swiper-slide\">\n\t\t\t\t\t\t\t\t\t<div class=\"elementor-testimonial\">\n\t\t\t\t\t\t\t<div class=\"elementor-testimonial__content\">\n\t\t\t\t\t<div class=\"elementor-testimonial__text\">\n\t\t\t\t\t\tNos comunicamos con Arya Studio Interiors porque est\u00e1bamos en el proceso de construir nuestro nuevo sal\u00f3n de u\u00f1as. Ten\u00edamos una visi\u00f3n de lo que quer\u00edamos para nuestro sal\u00f3n, pero no sab\u00edamos por d\u00f3nde empezar.\nDesde el principio hasta el final, Carolina fue de gran ayuda y siempre se comunic\u00f3 con nosotros de manera oportuna.\nNos hab\u00edamos puesto en contacto con otros dise\u00f1adores, pero ninguno que pudiera proporcionarnos renders 3D para ver c\u00f3mo se ver\u00eda nuestro sal\u00f3n.\n\u00a1Cuid\u00f3 cada cent\u00edmetro del sal\u00f3n! \u00a1Le dije lo que hab\u00edamos imaginado y ella dio vida a todas nuestras ideas!\nSi quieres que alguien vaya m\u00e1s all\u00e1, te recomiendo Arya Studio Interiors al 100 por ciento. \u00a1Estamos completamente satisfechos de c\u00f3mo sali\u00f3 todo!\n\u00a1No veo la hora de volver a trabajar con Carolina en proyectos futuros! \t\t\t\t\t<\/div>\n\t\t\t\t\t\t\t\t\t<\/div>\n\t\t\t\t\t\t<div class=\"elementor-testimonial__footer\">\n\t\t\t\t\t\t\t\t<cite class=\"elementor-testimonial__cite\"><span class=\"elementor-testimonial__name\">A. Mireles<\/span><span class=\"elementor-testimonial__title\">San Juan, Tx <\/span><\/cite>\t\t\t<\/div>\n\t\t<\/div>\n\t\t\t\t\t\t\t\t<\/div>\n\t\t\t\t\t\t\t\t\t<\/div>\n\t\t\t\t\t\t\t\t\t\t\t\t\t\t\t\t\t\t\t\t<div class=\"elementor-swiper-button elementor-swiper-button-prev\">\n\t\t\t\t\t\t\t<i aria-hidden=\"true\" class=\"eicon-chevron-left\"><\/i>\t\t\t\t\t\t\t<span class=\"elementor-screen-only\">Previous<\/span>\n\t\t\t\t\t\t<\/div>\n\t\t\t\t\t\t<div class=\"elementor-swiper-button elementor-swiper-button-next\">\n\t\t\t\t\t\t\t<i aria-hidden=\"true\" class=\"eicon-chevron-right\"><\/i>\t\t\t\t\t\t\t<span class=\"elementor-screen-only\">Next<\/span>\n\t\t\t\t\t\t<\/div>\n\t\t\t\t\t\t\t\t\t\t\t\t<\/div>\n\t\t<\/div>\n\t\t\t\t<\/div>\n\t\t\t\t<\/div>\n\t\t\t\t\t<\/div>\n\t\t<\/div>\n\t\t\t\t<div class=\"elementor-column elementor-col-50 elementor-top-column elementor-element elementor-element-5f1f582\" data-id=\"5f1f582\" data-element_type=\"column\">\n\t\t\t<div class=\"elementor-widget-wrap elementor-element-populated\">\n\t\t\t\t\t\t\t\t<div class=\"elementor-element elementor-element-f3aca12 elementor-button-align-start elementor-widget elementor-widget-form\" data-id=\"f3aca12\" data-element_type=\"widget\" data-settings=\"{&quot;step_next_label&quot;:&quot;Next&quot;,&quot;step_previous_label&quot;:&quot;Previous&quot;,&quot;step_type&quot;:&quot;number_text&quot;,&quot;step_icon_shape&quot;:&quot;circle&quot;,&quot;ekit_we_effect_on&quot;:&quot;none&quot;}\" data-widget_type=\"form.default\">\n\t\t\t\t<div class=\"elementor-widget-container\">\n\t\t\t\t\t<form class=\"elementor-form\" method=\"post\" name=\"New Form\" action=\"\">\n\t\t\t<input type=\"hidden\" name=\"post_id\" value=\"748\"\/>\n\t\t\t<input type=\"hidden\" name=\"form_id\" value=\"f3aca12\"\/>\n\t\t\t<input type=\"hidden\" name=\"referer_title\" value=\"Arya Studio Interiors\" \/>\n\n\t\t\t\n\t\t\t<div class=\"elementor-form-fields-wrapper elementor-labels-above\">\n\t\t\t\t\t\t\t\t<div class=\"elementor-field-type-text elementor-field-group elementor-column elementor-field-group-name elementor-col-50\">\n\t\t\t\t\t\t\t\t\t\t\t\t<label for=\"form-field-name\" class=\"elementor-field-label\">\n\t\t\t\t\t\t\t\tNombre\t\t\t\t\t\t\t<\/label>\n\t\t\t\t\t\t\t\t\t\t\t\t\t\t<input size=\"1\" type=\"text\" name=\"form_fields[name]\" id=\"form-field-name\" class=\"elementor-field elementor-size-sm  elementor-field-textual\" placeholder=\"Nombre\">\n\t\t\t\t\t\t\t\t\t\t\t<\/div>\n\t\t\t\t\t\t\t\t<div class=\"elementor-field-type-email elementor-field-group elementor-column elementor-field-group-email elementor-col-50 elementor-field-required\">\n\t\t\t\t\t\t\t\t\t\t\t\t<label for=\"form-field-email\" class=\"elementor-field-label\">\n\t\t\t\t\t\t\t\tCorreo\t\t\t\t\t\t\t<\/label>\n\t\t\t\t\t\t\t\t\t\t\t\t\t\t<input size=\"1\" type=\"email\" name=\"form_fields[email]\" id=\"form-field-email\" class=\"elementor-field elementor-size-sm  elementor-field-textual\" placeholder=\"Correo\" required=\"required\" aria-required=\"true\">\n\t\t\t\t\t\t\t\t\t\t\t<\/div>\n\t\t\t\t\t\t\t\t<div class=\"elementor-field-type-text elementor-field-group elementor-column elementor-field-group-location elementor-col-100\">\n\t\t\t\t\t\t\t\t\t\t\t\t<label for=\"form-field-location\" class=\"elementor-field-label\">\n\t\t\t\t\t\t\t\tUbicaci\u00f3n\t\t\t\t\t\t\t<\/label>\n\t\t\t\t\t\t\t\t\t\t\t\t\t\t<input size=\"1\" type=\"text\" name=\"form_fields[location]\" id=\"form-field-location\" class=\"elementor-field elementor-size-sm  elementor-field-textual\" placeholder=\"Ubicaci\u00f3n\">\n\t\t\t\t\t\t\t\t\t\t\t<\/div>\n\t\t\t\t\t\t\t\t<div class=\"elementor-field-type-textarea elementor-field-group elementor-column elementor-field-group-message elementor-col-100\">\n\t\t\t\t\t\t\t\t\t\t\t\t<label for=\"form-field-message\" class=\"elementor-field-label\">\n\t\t\t\t\t\t\t\tMensaje\t\t\t\t\t\t\t<\/label>\n\t\t\t\t\t\t<textarea class=\"elementor-field-textual elementor-field  elementor-size-sm\" name=\"form_fields[message]\" id=\"form-field-message\" rows=\"6\" placeholder=\"Mensaje\"><\/textarea>\t\t\t\t<\/div>\n\t\t\t\t\t\t\t\t<div class=\"elementor-field-group elementor-column elementor-field-type-submit elementor-col-100 e-form__buttons\">\n\t\t\t\t\t<button type=\"submit\" class=\"elementor-button elementor-size-sm\">\n\t\t\t\t\t\t<span >\n\t\t\t\t\t\t\t\t\t\t\t\t\t\t\t<span class=\"elementor-button-icon\">\n\t\t\t\t\t\t\t\t\t\t\t\t\t\t\t\t\t\t\t\t\t\t\t\t\t\t<\/span>\n\t\t\t\t\t\t\t\t\t\t\t\t\t\t\t\t\t\t\t\t\t\t<span class=\"elementor-button-text\">Enviar<\/span>\n\t\t\t\t\t\t\t\t\t\t\t\t\t<\/span>\n\t\t\t\t\t<\/button>\n\t\t\t\t<\/div>\n\t\t\t<\/div>\n\t\t<input type=\"hidden\" name=\"trp-form-language\" value=\"es\"\/><\/form>\n\t\t\t\t<\/div>\n\t\t\t\t<\/div>\n\t\t\t\t\t<\/div>\n\t\t<\/div>\n\t\t\t\t\t\t\t<\/div>\n\t\t<\/section>\n\t\t\t\t\t\t<\/div>\n\t\t\t\t\t<\/div>","protected":false},"excerpt":{"rendered":"<p>Testimonials Write your comment about ARYA STUDIO INTERIORS LLC Carolina nos ayudo con el dise\u00f1o interior de nuestra casa, nos ofreci\u00f3 varios estilo de dise\u00f1o con mucho \u00e9nfasis en detalle y acoplandose a nuestro estilo y budget . Much\u00edsimas gracias Caro, super recomendada ! R. Salinas McAllen, Tx Muchas gracias por tu ayuda ! me [&hellip;]<\/p>","protected":false},"author":1,"featured_media":275,"parent":0,"menu_order":0,"comment_status":"closed","ping_status":"closed","template":"","meta":[],"yoast_head":"<!-- This site is optimized with the Yoast SEO plugin v18.1 - https:\/\/yoast.com\/wordpress\/plugins\/seo\/ -->\n<title>Arya Studio Interiors - Testimonials<\/title>\n<meta name=\"description\" content=\"We are an interior design boutique studio established in the South Texas since 2017. We have worked with numerous projects residential &amp; commercial including new homes, renovations, apartments, room makeovers, and commercial establishments.\" \/>\n<meta name=\"robots\" content=\"index, follow, max-snippet:-1, max-image-preview:large, max-video-preview:-1\" \/>\n<link rel=\"canonical\" href=\"https:\/\/aryastudiointeriors.com\/es\/testimonials\/\" \/>\n<meta property=\"og:locale\" content=\"es_MX\" \/>\n<meta property=\"og:type\" content=\"article\" \/>\n<meta property=\"og:title\" content=\"Arya Studio Interiors - Testimonials\" \/>\n<meta property=\"og:description\" content=\"We are an interior design boutique studio established in the South Texas since 2017. We have worked with numerous projects residential &amp; commercial including new homes, renovations, apartments, room makeovers, and commercial establishments.\" \/>\n<meta property=\"og:url\" content=\"https:\/\/aryastudiointeriors.com\/es\/testimonials\/\" \/>\n<meta property=\"og:site_name\" content=\"Arya Studio Interiors\" \/>\n<meta property=\"article:modified_time\" content=\"2022-02-10T19:48:39+00:00\" \/>\n<meta property=\"og:image\" content=\"https:\/\/aryastudiointeriors.com\/wp-content\/uploads\/2022\/01\/m_5464BA42-9CFD-4993-BA00-85DFF594B9FA-min.jpeg\" \/>\n\t<meta property=\"og:image:width\" content=\"1200\" \/>\n\t<meta property=\"og:image:height\" content=\"1200\" \/>\n\t<meta property=\"og:image:type\" content=\"image\/jpeg\" \/>\n<meta name=\"twitter:card\" content=\"summary_large_image\" \/>\n<meta name=\"twitter:label1\" content=\"Tiempo de lectura\" \/>\n\t<meta name=\"twitter:data1\" content=\"2 minutos\" \/>\n<script type=\"application\/ld+json\" class=\"yoast-schema-graph\">{\"@context\":\"https:\/\/schema.org\",\"@graph\":[{\"@type\":\"Organization\",\"@id\":\"https:\/\/aryastudiointeriors.com\/#organization\",\"name\":\"Arya Studio Interiors\",\"url\":\"https:\/\/aryastudiointeriors.com\/\",\"sameAs\":[],\"logo\":{\"@type\":\"ImageObject\",\"@id\":\"https:\/\/aryastudiointeriors.com\/#logo\",\"inLanguage\":\"es-MX\",\"url\":\"https:\/\/aryastudiointeriors.com\/wp-content\/uploads\/2022\/01\/Untitled-34.jpg\",\"contentUrl\":\"https:\/\/aryastudiointeriors.com\/wp-content\/uploads\/2022\/01\/Untitled-34.jpg\",\"width\":745,\"height\":720,\"caption\":\"Arya Studio Interiors\"},\"image\":{\"@id\":\"https:\/\/aryastudiointeriors.com\/#logo\"}},{\"@type\":\"WebSite\",\"@id\":\"https:\/\/aryastudiointeriors.com\/#website\",\"url\":\"https:\/\/aryastudiointeriors.com\/\",\"name\":\"Arya Studio Interiors\",\"description\":\"Home Decor, House Finishes, Art Selection\",\"publisher\":{\"@id\":\"https:\/\/aryastudiointeriors.com\/#organization\"},\"potentialAction\":[{\"@type\":\"SearchAction\",\"target\":{\"@type\":\"EntryPoint\",\"urlTemplate\":\"https:\/\/aryastudiointeriors.com\/?s={search_term_string}\"},\"query-input\":\"required name=search_term_string\"}],\"inLanguage\":\"es-MX\"},{\"@type\":\"ImageObject\",\"@id\":\"https:\/\/aryastudiointeriors.com\/testimonials\/#primaryimage\",\"inLanguage\":\"es-MX\",\"url\":\"https:\/\/aryastudiointeriors.com\/wp-content\/uploads\/2022\/01\/m_5464BA42-9CFD-4993-BA00-85DFF594B9FA-min.jpeg\",\"contentUrl\":\"https:\/\/aryastudiointeriors.com\/wp-content\/uploads\/2022\/01\/m_5464BA42-9CFD-4993-BA00-85DFF594B9FA-min.jpeg\",\"width\":1200,\"height\":1200},{\"@type\":\"WebPage\",\"@id\":\"https:\/\/aryastudiointeriors.com\/testimonials\/#webpage\",\"url\":\"https:\/\/aryastudiointeriors.com\/testimonials\/\",\"name\":\"Arya Studio Interiors - Testimonials\",\"isPartOf\":{\"@id\":\"https:\/\/aryastudiointeriors.com\/#website\"},\"primaryImageOfPage\":{\"@id\":\"https:\/\/aryastudiointeriors.com\/testimonials\/#primaryimage\"},\"datePublished\":\"2022-02-02T19:10:01+00:00\",\"dateModified\":\"2022-02-10T19:48:39+00:00\",\"description\":\"We are an interior design boutique studio established in the South Texas since 2017. We have worked with numerous projects residential & commercial including new homes, renovations, apartments, room makeovers, and commercial establishments.\",\"breadcrumb\":{\"@id\":\"https:\/\/aryastudiointeriors.com\/testimonials\/#breadcrumb\"},\"inLanguage\":\"es-MX\",\"potentialAction\":[{\"@type\":\"ReadAction\",\"target\":[\"https:\/\/aryastudiointeriors.com\/testimonials\/\"]}]},{\"@type\":\"BreadcrumbList\",\"@id\":\"https:\/\/aryastudiointeriors.com\/testimonials\/#breadcrumb\",\"itemListElement\":[{\"@type\":\"ListItem\",\"position\":1,\"name\":\"Home\",\"item\":\"https:\/\/aryastudiointeriors.com\/\"},{\"@type\":\"ListItem\",\"position\":2,\"name\":\"Testimonials\"}]}]}<\/script>\n<!-- \/ Yoast SEO plugin. -->","yoast_head_json":{"title":"Arya Studio Interiors - Testimonials","description":"We are an interior design boutique studio established in the South Texas since 2017. We have worked with numerous projects residential & commercial including new homes, renovations, apartments, room makeovers, and commercial establishments.","robots":{"index":"index","follow":"follow","max-snippet":"max-snippet:-1","max-image-preview":"max-image-preview:large","max-video-preview":"max-video-preview:-1"},"canonical":"https:\/\/aryastudiointeriors.com\/es\/testimonials\/","og_locale":"es_MX","og_type":"article","og_title":"Arya Studio Interiors - Testimonials","og_description":"We are an interior design boutique studio established in the South Texas since 2017. We have worked with numerous projects residential & commercial including new homes, renovations, apartments, room makeovers, and commercial establishments.","og_url":"https:\/\/aryastudiointeriors.com\/es\/testimonials\/","og_site_name":"Arya Studio Interiors","article_modified_time":"2022-02-10T19:48:39+00:00","og_image":[{"width":1200,"height":1200,"url":"https:\/\/aryastudiointeriors.com\/wp-content\/uploads\/2022\/01\/m_5464BA42-9CFD-4993-BA00-85DFF594B9FA-min.jpeg","type":"image\/jpeg"}],"twitter_card":"summary_large_image","twitter_misc":{"Tiempo de lectura":"2 minutos"},"schema":{"@context":"https:\/\/schema.org","@graph":[{"@type":"Organization","@id":"https:\/\/aryastudiointeriors.com\/#organization","name":"Arya Studio Interiors","url":"https:\/\/aryastudiointeriors.com\/","sameAs":[],"logo":{"@type":"ImageObject","@id":"https:\/\/aryastudiointeriors.com\/#logo","inLanguage":"es-MX","url":"https:\/\/aryastudiointeriors.com\/wp-content\/uploads\/2022\/01\/Untitled-34.jpg","contentUrl":"https:\/\/aryastudiointeriors.com\/wp-content\/uploads\/2022\/01\/Untitled-34.jpg","width":745,"height":720,"caption":"Arya Studio Interiors"},"image":{"@id":"https:\/\/aryastudiointeriors.com\/#logo"}},{"@type":"WebSite","@id":"https:\/\/aryastudiointeriors.com\/#website","url":"https:\/\/aryastudiointeriors.com\/","name":"Arya Studio Interiors","description":"Home Decor, House Finishes, Art Selection","publisher":{"@id":"https:\/\/aryastudiointeriors.com\/#organization"},"potentialAction":[{"@type":"SearchAction","target":{"@type":"EntryPoint","urlTemplate":"https:\/\/aryastudiointeriors.com\/?s={search_term_string}"},"query-input":"required name=search_term_string"}],"inLanguage":"es-MX"},{"@type":"ImageObject","@id":"https:\/\/aryastudiointeriors.com\/testimonials\/#primaryimage","inLanguage":"es-MX","url":"https:\/\/aryastudiointeriors.com\/wp-content\/uploads\/2022\/01\/m_5464BA42-9CFD-4993-BA00-85DFF594B9FA-min.jpeg","contentUrl":"https:\/\/aryastudiointeriors.com\/wp-content\/uploads\/2022\/01\/m_5464BA42-9CFD-4993-BA00-85DFF594B9FA-min.jpeg","width":1200,"height":1200},{"@type":"WebPage","@id":"https:\/\/aryastudiointeriors.com\/testimonials\/#webpage","url":"https:\/\/aryastudiointeriors.com\/testimonials\/","name":"Arya Studio Interiors - Testimonials","isPartOf":{"@id":"https:\/\/aryastudiointeriors.com\/#website"},"primaryImageOfPage":{"@id":"https:\/\/aryastudiointeriors.com\/testimonials\/#primaryimage"},"datePublished":"2022-02-02T19:10:01+00:00","dateModified":"2022-02-10T19:48:39+00:00","description":"We are an interior design boutique studio established in the South Texas since 2017. We have worked with numerous projects residential & commercial including new homes, renovations, apartments, room makeovers, and commercial establishments.","breadcrumb":{"@id":"https:\/\/aryastudiointeriors.com\/testimonials\/#breadcrumb"},"inLanguage":"es-MX","potentialAction":[{"@type":"ReadAction","target":["https:\/\/aryastudiointeriors.com\/testimonials\/"]}]},{"@type":"BreadcrumbList","@id":"https:\/\/aryastudiointeriors.com\/testimonials\/#breadcrumb","itemListElement":[{"@type":"ListItem","position":1,"name":"Home","item":"https:\/\/aryastudiointeriors.com\/"},{"@type":"ListItem","position":2,"name":"Testimonials"}]}]}},"_links":{"self":[{"href":"https:\/\/aryastudiointeriors.com\/es\/wp-json\/wp\/v2\/pages\/748"}],"collection":[{"href":"https:\/\/aryastudiointeriors.com\/es\/wp-json\/wp\/v2\/pages"}],"about":[{"href":"https:\/\/aryastudiointeriors.com\/es\/wp-json\/wp\/v2\/types\/page"}],"author":[{"embeddable":true,"href":"https:\/\/aryastudiointeriors.com\/es\/wp-json\/wp\/v2\/users\/1"}],"replies":[{"embeddable":true,"href":"https:\/\/aryastudiointeriors.com\/es\/wp-json\/wp\/v2\/comments?post=748"}],"version-history":[{"count":56,"href":"https:\/\/aryastudiointeriors.com\/es\/wp-json\/wp\/v2\/pages\/748\/revisions"}],"predecessor-version":[{"id":1351,"href":"https:\/\/aryastudiointeriors.com\/es\/wp-json\/wp\/v2\/pages\/748\/revisions\/1351"}],"wp:featuredmedia":[{"embeddable":true,"href":"https:\/\/aryastudiointeriors.com\/es\/wp-json\/wp\/v2\/media\/275"}],"wp:attachment":[{"href":"https:\/\/aryastudiointeriors.com\/es\/wp-json\/wp\/v2\/media?parent=748"}],"curies":[{"name":"wp","href":"https:\/\/api.w.org\/{rel}","templated":true}]}}