{"id":26,"date":"2022-01-21T00:56:57","date_gmt":"2022-01-21T00:56:57","guid":{"rendered":"https:\/\/aryastudiointeriors.com\/?page_id=26"},"modified":"2022-02-10T19:48:17","modified_gmt":"2022-02-10T19:48:17","slug":"services","status":"publish","type":"page","link":"https:\/\/aryastudiointeriors.com\/es\/services\/","title":{"rendered":"Servicios"},"content":{"rendered":"<div data-elementor-type=\"wp-page\" data-elementor-id=\"26\" class=\"elementor elementor-26\" data-elementor-settings=\"[]\">\n\t\t\t\t\t\t\t<div class=\"elementor-section-wrap\">\n\t\t\t\t\t\t\t<section class=\"elementor-section elementor-top-section elementor-element elementor-element-a948cae elementor-section-full_width elementor-section-height-min-height elementor-section-items-bottom elementor-section-content-bottom elementor-section-height-default tf-sticky-section tf-sticky-no elementor-invisible\" data-id=\"a948cae\" data-element_type=\"section\" data-settings=\"{&quot;background_background&quot;:&quot;classic&quot;,&quot;animation&quot;:&quot;fadeIn&quot;,&quot;animation_delay&quot;:500,&quot;tf_sticky&quot;:&quot;no&quot;,&quot;ekit_has_onepagescroll_dot&quot;:&quot;yes&quot;}\">\n\t\t\t\t\t\t\t<div class=\"elementor-background-overlay\"><\/div>\n\t\t\t\t\t\t\t<div class=\"elementor-container elementor-column-gap-no\">\n\t\t\t\t\t<div class=\"elementor-column elementor-col-100 elementor-top-column elementor-element elementor-element-27798a5\" data-id=\"27798a5\" data-element_type=\"column\">\n\t\t\t<div class=\"elementor-widget-wrap elementor-element-populated\">\n\t\t\t\t\t\t\t\t<div class=\"elementor-element elementor-element-b45db47 elementor-widget elementor-widget-heading\" data-id=\"b45db47\" data-element_type=\"widget\" data-settings=\"{&quot;ekit_we_effect_on&quot;:&quot;none&quot;}\" data-widget_type=\"heading.default\">\n\t\t\t\t<div class=\"elementor-widget-container\">\n\t\t\t<h1 class=\"elementor-heading-title elementor-size-default\">Servicios<\/h1>\t\t<\/div>\n\t\t\t\t<\/div>\n\t\t\t\t\t<\/div>\n\t\t<\/div>\n\t\t\t\t\t\t\t<\/div>\n\t\t<\/section>\n\t\t\t\t<section class=\"elementor-section elementor-top-section elementor-element elementor-element-4d62405a elementor-section-full_width elementor-section-height-default elementor-section-height-default tf-sticky-section tf-sticky-no elementor-invisible\" data-id=\"4d62405a\" data-element_type=\"section\" data-settings=\"{&quot;animation&quot;:&quot;fadeIn&quot;,&quot;tf_sticky&quot;:&quot;no&quot;,&quot;ekit_has_onepagescroll_dot&quot;:&quot;yes&quot;}\">\n\t\t\t\t\t\t<div class=\"elementor-container elementor-column-gap-no\">\n\t\t\t\t\t<div class=\"elementor-column elementor-col-100 elementor-top-column elementor-element elementor-element-736624b8\" data-id=\"736624b8\" data-element_type=\"column\">\n\t\t\t<div class=\"elementor-widget-wrap elementor-element-populated\">\n\t\t\t\t\t\t\t\t<div class=\"elementor-element elementor-element-2457ff3b elementor-widget elementor-widget-heading\" data-id=\"2457ff3b\" data-element_type=\"widget\" data-settings=\"{&quot;ekit_we_effect_on&quot;:&quot;none&quot;}\" data-widget_type=\"heading.default\">\n\t\t\t\t<div class=\"elementor-widget-container\">\n\t\t\t<h2 class=\"elementor-heading-title elementor-size-default\">Dise\u00f1o de interiores residenciales y comerciales<\/h2>\t\t<\/div>\n\t\t\t\t<\/div>\n\t\t\t\t<div class=\"elementor-element elementor-element-4bfd9bc9 elementor-widget__width-initial elementor-widget-tablet__width-inherit elementor-widget elementor-widget-text-editor\" data-id=\"4bfd9bc9\" data-element_type=\"widget\" data-settings=\"{&quot;ekit_we_effect_on&quot;:&quot;none&quot;}\" data-widget_type=\"text-editor.default\">\n\t\t\t\t<div class=\"elementor-widget-container\">\n\t\t\t\t\t\t\t<p>Cada proyecto y cliente es diferente, y nos adaptamos a sus necesidades y expectativas; los proyectos pueden variar en tama\u00f1o, presupuesto y estilo. \u00a1Los clientes pueden necesitar ayuda para decorar una habitaci\u00f3n peque\u00f1a o una casa completamente nueva! Los propietarios de casas nuevas necesitan ayuda especialmente cuando se trata de seleccionar los acabados, materiales y muebles de sus casas. Tambi\u00e9n hemos trabajado con emprendedores que est\u00e1n abriendo un local comercial o dise\u00f1ando sus nuevos pisos de alquiler.<\/p>\t\t\t\t\t\t<\/div>\n\t\t\t\t<\/div>\n\t\t\t\t\t<\/div>\n\t\t<\/div>\n\t\t\t\t\t\t\t<\/div>\n\t\t<\/section>\n\t\t\t\t<section class=\"elementor-section elementor-top-section elementor-element elementor-element-1e528a7 elementor-section-full_width elementor-section-height-default elementor-section-height-default tf-sticky-section tf-sticky-no elementor-invisible\" data-id=\"1e528a7\" data-element_type=\"section\" data-settings=\"{&quot;animation&quot;:&quot;fadeIn&quot;,&quot;tf_sticky&quot;:&quot;no&quot;,&quot;ekit_has_onepagescroll_dot&quot;:&quot;yes&quot;}\">\n\t\t\t\t\t\t<div class=\"elementor-container elementor-column-gap-no\">\n\t\t\t\t\t<div class=\"elementor-column elementor-col-100 elementor-top-column elementor-element elementor-element-773cd32\" data-id=\"773cd32\" data-element_type=\"column\">\n\t\t\t<div class=\"elementor-widget-wrap elementor-element-populated\">\n\t\t\t\t\t\t\t\t<div class=\"elementor-element elementor-element-a470d39 elementor-widget elementor-widget-heading\" data-id=\"a470d39\" data-element_type=\"widget\" data-settings=\"{&quot;ekit_we_effect_on&quot;:&quot;none&quot;}\" data-widget_type=\"heading.default\">\n\t\t\t\t<div class=\"elementor-widget-container\">\n\t\t\t<h2 class=\"elementor-heading-title elementor-size-default\">Selecciones de acabados de la casa<\/h2>\t\t<\/div>\n\t\t\t\t<\/div>\n\t\t\t\t<div class=\"elementor-element elementor-element-b08c6ec elementor-widget__width-initial elementor-widget-tablet__width-inherit elementor-widget elementor-widget-text-editor\" data-id=\"b08c6ec\" data-element_type=\"widget\" data-settings=\"{&quot;ekit_we_effect_on&quot;:&quot;none&quot;}\" data-widget_type=\"text-editor.default\">\n\t\t\t\t<div class=\"elementor-widget-container\">\n\t\t\t\t\t\t\t<p>Los nuevos propietarios o renovaciones a menudo requieren una selecci\u00f3n detallada de nuevos acabados, colores y materiales para sus proyectos, que incluyen herrajes, pisos, iluminaci\u00f3n, colores de pintura, estilos de ventanas\/puertas, piedra y acabados exteriores, dise\u00f1o de gabinetes\/cocinas. Dependiendo de lo que se necesite, podemos ayudarlo con im\u00e1genes en 3D, tableros de humor personalizados, listas de compras, visitas a tiendas locales, etc.<\/p>\t\t\t\t\t\t<\/div>\n\t\t\t\t<\/div>\n\t\t\t\t\t<\/div>\n\t\t<\/div>\n\t\t\t\t\t\t\t<\/div>\n\t\t<\/section>\n\t\t\t\t<section class=\"elementor-section elementor-top-section elementor-element elementor-element-7740340e elementor-section-full_width elementor-section-height-default elementor-section-height-default tf-sticky-section tf-sticky-no elementor-invisible\" data-id=\"7740340e\" data-element_type=\"section\" data-settings=\"{&quot;animation&quot;:&quot;fadeIn&quot;,&quot;tf_sticky&quot;:&quot;no&quot;,&quot;ekit_has_onepagescroll_dot&quot;:&quot;yes&quot;}\">\n\t\t\t\t\t\t<div class=\"elementor-container elementor-column-gap-no\">\n\t\t\t\t\t<div class=\"elementor-column elementor-col-100 elementor-top-column elementor-element elementor-element-695da6c7\" data-id=\"695da6c7\" data-element_type=\"column\">\n\t\t\t<div class=\"elementor-widget-wrap elementor-element-populated\">\n\t\t\t\t\t\t\t\t<div class=\"elementor-element elementor-element-58f04bb9 elementor-widget elementor-widget-heading\" data-id=\"58f04bb9\" data-element_type=\"widget\" data-settings=\"{&quot;ekit_we_effect_on&quot;:&quot;none&quot;}\" data-widget_type=\"heading.default\">\n\t\t\t\t<div class=\"elementor-widget-container\">\n\t\t\t<h2 class=\"elementor-heading-title elementor-size-default\">Selecci\u00f3n de muebles, arte y decoraci\u00f3n<\/h2>\t\t<\/div>\n\t\t\t\t<\/div>\n\t\t\t\t<div class=\"elementor-element elementor-element-41c454d2 elementor-widget__width-initial elementor-widget-tablet__width-inherit elementor-widget elementor-widget-text-editor\" data-id=\"41c454d2\" data-element_type=\"widget\" data-settings=\"{&quot;ekit_we_effect_on&quot;:&quot;none&quot;}\" data-widget_type=\"text-editor.default\">\n\t\t\t\t<div class=\"elementor-widget-container\">\n\t\t\t\t\t\t\t<p>Una de las partes m\u00e1s interesantes y agradables de nuestro trabajo consiste en curar esos muebles especiales y la decoraci\u00f3n que nuestro cliente est\u00e1 buscando. Esta es la parte en la que realmente podemos personalizar la visi\u00f3n de cada cliente y en la que podemos ofrecer espacios extraordinarios y \u00fanicos. Es muy importante para nosotros definir el estilo que nuestro cliente imagina y brindar nuestro toque de dise\u00f1o \u00fanico. Dependiendo de lo que se necesite, podemos ayudar con visuales 3d, moodboards personalizados, listas de compras, tienda local, visitas, etc.<\/p>\t\t\t\t\t\t<\/div>\n\t\t\t\t<\/div>\n\t\t\t\t\t<\/div>\n\t\t<\/div>\n\t\t\t\t\t\t\t<\/div>\n\t\t<\/section>\n\t\t\t\t\t\t<\/div>\n\t\t\t\t\t<\/div>","protected":false},"excerpt":{"rendered":"<p>Services Residential &amp; commercial interior design Every project &amp; client is different, and we adapt to their needs and expectations; projects can vary in size, budget, and style . Clients might need help when decorating a small room or an entire new home! New home owners especially need help when it comes to selecting their [&hellip;]<\/p>","protected":false},"author":1,"featured_media":281,"parent":0,"menu_order":0,"comment_status":"closed","ping_status":"closed","template":"","meta":[],"yoast_head":"<!-- This site is optimized with the Yoast SEO plugin v18.1 - https:\/\/yoast.com\/wordpress\/plugins\/seo\/ -->\n<title>Arya Studio Interiors - Services<\/title>\n<meta name=\"description\" content=\"We are an interior design boutique studio established in the South Texas since 2017. We have worked with numerous projects residential &amp; commercial including new homes, renovations, apartments, room makeovers, and commercial establishments.\" \/>\n<meta name=\"robots\" content=\"index, follow, max-snippet:-1, max-image-preview:large, max-video-preview:-1\" \/>\n<link rel=\"canonical\" href=\"https:\/\/aryastudiointeriors.com\/es\/services\/\" \/>\n<meta property=\"og:locale\" content=\"es_MX\" \/>\n<meta property=\"og:type\" content=\"article\" \/>\n<meta property=\"og:title\" content=\"Arya Studio Interiors - Services\" \/>\n<meta property=\"og:description\" content=\"We are an interior design boutique studio established in the South Texas since 2017. We have worked with numerous projects residential &amp; commercial including new homes, renovations, apartments, room makeovers, and commercial establishments.\" \/>\n<meta property=\"og:url\" content=\"https:\/\/aryastudiointeriors.com\/es\/services\/\" \/>\n<meta property=\"og:site_name\" content=\"Arya Studio Interiors\" \/>\n<meta property=\"article:modified_time\" content=\"2022-02-10T19:48:17+00:00\" \/>\n<meta property=\"og:image\" content=\"https:\/\/aryastudiointeriors.com\/wp-content\/uploads\/2022\/01\/m_A6399C48-E1F0-478E-8AD9-A5275F1D37DD-min.jpeg\" \/>\n\t<meta property=\"og:image:width\" content=\"1200\" \/>\n\t<meta property=\"og:image:height\" content=\"835\" \/>\n\t<meta property=\"og:image:type\" content=\"image\/jpeg\" \/>\n<meta name=\"twitter:card\" content=\"summary_large_image\" \/>\n<meta name=\"twitter:label1\" content=\"Tiempo de lectura\" \/>\n\t<meta name=\"twitter:data1\" content=\"1 minuto\" \/>\n<script type=\"application\/ld+json\" class=\"yoast-schema-graph\">{\"@context\":\"https:\/\/schema.org\",\"@graph\":[{\"@type\":\"Organization\",\"@id\":\"https:\/\/aryastudiointeriors.com\/#organization\",\"name\":\"Arya Studio Interiors\",\"url\":\"https:\/\/aryastudiointeriors.com\/\",\"sameAs\":[],\"logo\":{\"@type\":\"ImageObject\",\"@id\":\"https:\/\/aryastudiointeriors.com\/#logo\",\"inLanguage\":\"es-MX\",\"url\":\"https:\/\/aryastudiointeriors.com\/wp-content\/uploads\/2022\/01\/Untitled-34.jpg\",\"contentUrl\":\"https:\/\/aryastudiointeriors.com\/wp-content\/uploads\/2022\/01\/Untitled-34.jpg\",\"width\":745,\"height\":720,\"caption\":\"Arya Studio Interiors\"},\"image\":{\"@id\":\"https:\/\/aryastudiointeriors.com\/#logo\"}},{\"@type\":\"WebSite\",\"@id\":\"https:\/\/aryastudiointeriors.com\/#website\",\"url\":\"https:\/\/aryastudiointeriors.com\/\",\"name\":\"Arya Studio Interiors\",\"description\":\"Home Decor, House Finishes, Art Selection\",\"publisher\":{\"@id\":\"https:\/\/aryastudiointeriors.com\/#organization\"},\"potentialAction\":[{\"@type\":\"SearchAction\",\"target\":{\"@type\":\"EntryPoint\",\"urlTemplate\":\"https:\/\/aryastudiointeriors.com\/?s={search_term_string}\"},\"query-input\":\"required name=search_term_string\"}],\"inLanguage\":\"es-MX\"},{\"@type\":\"ImageObject\",\"@id\":\"https:\/\/aryastudiointeriors.com\/services\/#primaryimage\",\"inLanguage\":\"es-MX\",\"url\":\"https:\/\/aryastudiointeriors.com\/wp-content\/uploads\/2022\/01\/m_A6399C48-E1F0-478E-8AD9-A5275F1D37DD-min.jpeg\",\"contentUrl\":\"https:\/\/aryastudiointeriors.com\/wp-content\/uploads\/2022\/01\/m_A6399C48-E1F0-478E-8AD9-A5275F1D37DD-min.jpeg\",\"width\":1200,\"height\":835},{\"@type\":\"WebPage\",\"@id\":\"https:\/\/aryastudiointeriors.com\/services\/#webpage\",\"url\":\"https:\/\/aryastudiointeriors.com\/services\/\",\"name\":\"Arya Studio Interiors - Services\",\"isPartOf\":{\"@id\":\"https:\/\/aryastudiointeriors.com\/#website\"},\"primaryImageOfPage\":{\"@id\":\"https:\/\/aryastudiointeriors.com\/services\/#primaryimage\"},\"datePublished\":\"2022-01-21T00:56:57+00:00\",\"dateModified\":\"2022-02-10T19:48:17+00:00\",\"description\":\"We are an interior design boutique studio established in the South Texas since 2017. We have worked with numerous projects residential & commercial including new homes, renovations, apartments, room makeovers, and commercial establishments.\",\"breadcrumb\":{\"@id\":\"https:\/\/aryastudiointeriors.com\/services\/#breadcrumb\"},\"inLanguage\":\"es-MX\",\"potentialAction\":[{\"@type\":\"ReadAction\",\"target\":[\"https:\/\/aryastudiointeriors.com\/services\/\"]}]},{\"@type\":\"BreadcrumbList\",\"@id\":\"https:\/\/aryastudiointeriors.com\/services\/#breadcrumb\",\"itemListElement\":[{\"@type\":\"ListItem\",\"position\":1,\"name\":\"Home\",\"item\":\"https:\/\/aryastudiointeriors.com\/\"},{\"@type\":\"ListItem\",\"position\":2,\"name\":\"Services\"}]}]}<\/script>\n<!-- \/ Yoast SEO plugin. -->","yoast_head_json":{"title":"Arya Studio Interiors - Services","description":"We are an interior design boutique studio established in the South Texas since 2017. We have worked with numerous projects residential & commercial including new homes, renovations, apartments, room makeovers, and commercial establishments.","robots":{"index":"index","follow":"follow","max-snippet":"max-snippet:-1","max-image-preview":"max-image-preview:large","max-video-preview":"max-video-preview:-1"},"canonical":"https:\/\/aryastudiointeriors.com\/es\/services\/","og_locale":"es_MX","og_type":"article","og_title":"Arya Studio Interiors - Services","og_description":"We are an interior design boutique studio established in the South Texas since 2017. We have worked with numerous projects residential & commercial including new homes, renovations, apartments, room makeovers, and commercial establishments.","og_url":"https:\/\/aryastudiointeriors.com\/es\/services\/","og_site_name":"Arya Studio Interiors","article_modified_time":"2022-02-10T19:48:17+00:00","og_image":[{"width":1200,"height":835,"url":"https:\/\/aryastudiointeriors.com\/wp-content\/uploads\/2022\/01\/m_A6399C48-E1F0-478E-8AD9-A5275F1D37DD-min.jpeg","type":"image\/jpeg"}],"twitter_card":"summary_large_image","twitter_misc":{"Tiempo de lectura":"1 minuto"},"schema":{"@context":"https:\/\/schema.org","@graph":[{"@type":"Organization","@id":"https:\/\/aryastudiointeriors.com\/#organization","name":"Arya Studio Interiors","url":"https:\/\/aryastudiointeriors.com\/","sameAs":[],"logo":{"@type":"ImageObject","@id":"https:\/\/aryastudiointeriors.com\/#logo","inLanguage":"es-MX","url":"https:\/\/aryastudiointeriors.com\/wp-content\/uploads\/2022\/01\/Untitled-34.jpg","contentUrl":"https:\/\/aryastudiointeriors.com\/wp-content\/uploads\/2022\/01\/Untitled-34.jpg","width":745,"height":720,"caption":"Arya Studio Interiors"},"image":{"@id":"https:\/\/aryastudiointeriors.com\/#logo"}},{"@type":"WebSite","@id":"https:\/\/aryastudiointeriors.com\/#website","url":"https:\/\/aryastudiointeriors.com\/","name":"Arya Studio Interiors","description":"Home Decor, House Finishes, Art Selection","publisher":{"@id":"https:\/\/aryastudiointeriors.com\/#organization"},"potentialAction":[{"@type":"SearchAction","target":{"@type":"EntryPoint","urlTemplate":"https:\/\/aryastudiointeriors.com\/?s={search_term_string}"},"query-input":"required name=search_term_string"}],"inLanguage":"es-MX"},{"@type":"ImageObject","@id":"https:\/\/aryastudiointeriors.com\/services\/#primaryimage","inLanguage":"es-MX","url":"https:\/\/aryastudiointeriors.com\/wp-content\/uploads\/2022\/01\/m_A6399C48-E1F0-478E-8AD9-A5275F1D37DD-min.jpeg","contentUrl":"https:\/\/aryastudiointeriors.com\/wp-content\/uploads\/2022\/01\/m_A6399C48-E1F0-478E-8AD9-A5275F1D37DD-min.jpeg","width":1200,"height":835},{"@type":"WebPage","@id":"https:\/\/aryastudiointeriors.com\/services\/#webpage","url":"https:\/\/aryastudiointeriors.com\/services\/","name":"Arya Studio Interiors - Services","isPartOf":{"@id":"https:\/\/aryastudiointeriors.com\/#website"},"primaryImageOfPage":{"@id":"https:\/\/aryastudiointeriors.com\/services\/#primaryimage"},"datePublished":"2022-01-21T00:56:57+00:00","dateModified":"2022-02-10T19:48:17+00:00","description":"We are an interior design boutique studio established in the South Texas since 2017. We have worked with numerous projects residential & commercial including new homes, renovations, apartments, room makeovers, and commercial establishments.","breadcrumb":{"@id":"https:\/\/aryastudiointeriors.com\/services\/#breadcrumb"},"inLanguage":"es-MX","potentialAction":[{"@type":"ReadAction","target":["https:\/\/aryastudiointeriors.com\/services\/"]}]},{"@type":"BreadcrumbList","@id":"https:\/\/aryastudiointeriors.com\/services\/#breadcrumb","itemListElement":[{"@type":"ListItem","position":1,"name":"Home","item":"https:\/\/aryastudiointeriors.com\/"},{"@type":"ListItem","position":2,"name":"Services"}]}]}},"_links":{"self":[{"href":"https:\/\/aryastudiointeriors.com\/es\/wp-json\/wp\/v2\/pages\/26"}],"collection":[{"href":"https:\/\/aryastudiointeriors.com\/es\/wp-json\/wp\/v2\/pages"}],"about":[{"href":"https:\/\/aryastudiointeriors.com\/es\/wp-json\/wp\/v2\/types\/page"}],"author":[{"embeddable":true,"href":"https:\/\/aryastudiointeriors.com\/es\/wp-json\/wp\/v2\/users\/1"}],"replies":[{"embeddable":true,"href":"https:\/\/aryastudiointeriors.com\/es\/wp-json\/wp\/v2\/comments?post=26"}],"version-history":[{"count":71,"href":"https:\/\/aryastudiointeriors.com\/es\/wp-json\/wp\/v2\/pages\/26\/revisions"}],"predecessor-version":[{"id":1350,"href":"https:\/\/aryastudiointeriors.com\/es\/wp-json\/wp\/v2\/pages\/26\/revisions\/1350"}],"wp:featuredmedia":[{"embeddable":true,"href":"https:\/\/aryastudiointeriors.com\/es\/wp-json\/wp\/v2\/media\/281"}],"wp:attachment":[{"href":"https:\/\/aryastudiointeriors.com\/es\/wp-json\/wp\/v2\/media?parent=26"}],"curies":[{"name":"wp","href":"https:\/\/api.w.org\/{rel}","templated":true}]}}